{"id":1133,"date":"2019-10-15T11:28:21","date_gmt":"2019-10-15T11:28:21","guid":{"rendered":"https:\/\/donaireprincipal.merkadoweb.es\/?page_id=1133"},"modified":"2025-06-30T10:08:49","modified_gmt":"2025-06-30T10:08:49","slug":"cosmoceutica","status":"publish","type":"page","link":"https:\/\/donaire.com.es\/?page_id=1133","title":{"rendered":"Cosmeceutica"},"content":{"rendered":"<p>[et_pb_section fb_built=\u00bb1&#8243; fullwidth=\u00bbon\u00bb _builder_version=\u00bb4.16&#8243; global_colors_info=\u00bb{}\u00bb][et_pb_fullwidth_slider disabled_on=\u00bbon|on|off\u00bb _builder_version=\u00bb4.16.1&#8243; header_font=\u00bb||on||||||\u00bb body_font=\u00bb||||||||\u00bb text_orientation=\u00bbleft\u00bb hover_enabled=\u00bb0&#8243; header_font_size_tablet=\u00bb\u00bb header_font_size_phone=\u00bb14px\u00bb header_font_size_last_edited=\u00bbon|phone\u00bb global_colors_info=\u00bb{}\u00bb sticky_enabled=\u00bb0&#8243;][et_pb_slide _builder_version=\u00bb4.16.1&#8243; header_font=\u00bb||||||||\u00bb header_text_align=\u00bbcenter\u00bb header_font_size=\u00bb82px\u00bb body_text_align=\u00bbcenter\u00bb body_font_size=\u00bb55px\u00bb body_line_height=\u00bb1.2em\u00bb background_image=\u00bbhttps:\/\/donaire.com.es\/wp-content\/uploads\/2022\/04\/cosmetics-2021-09-25-07-53-42-utc-scaled.jpg\u00bb background_enable_image=\u00bbon\u00bb custom_padding=\u00bb265px|||95px\u00bb body_font_size_tablet=\u00bb55px\u00bb body_font_size_phone=\u00bb38px\u00bb body_font_size_last_edited=\u00bbon|phone\u00bb header_text_shadow_style=\u00bbpreset1&#8243; text_shadow_style=\u00bbpreset1&#8243; global_colors_info=\u00bb{}\u00bb sticky_transition=\u00bbon\u00bb]<\/p>\n<p>Cosm\u00e9tica EXCLUSIVA para ti<\/p>\n<p>[\/et_pb_slide][\/et_pb_fullwidth_slider][\/et_pb_section][et_pb_section fb_built=\u00bb1&#8243; _builder_version=\u00bb4.16.1&#8243; _module_preset=\u00bbdefault\u00bb custom_padding=\u00bb16px||0px|||\u00bb global_colors_info=\u00bb{}\u00bb][et_pb_row column_structure=\u00bb1_2,1_2&#8243; _builder_version=\u00bb4.16.1&#8243; _module_preset=\u00bbdefault\u00bb global_colors_info=\u00bb{}\u00bb][et_pb_column type=\u00bb1_2&#8243; _builder_version=\u00bb4.16.1&#8243; _module_preset=\u00bbdefault\u00bb global_colors_info=\u00bb{}\u00bb][et_pb_text _builder_version=\u00bb4.16.1&#8243; _module_preset=\u00bbdefault\u00bb text_font_size=\u00bb16px\u00bb text_letter_spacing=\u00bb1px\u00bb text_line_height=\u00bb1.8em\u00bb custom_margin=\u00bb44px|||||\u00bb global_colors_info=\u00bb{}\u00bb]<\/p>\n<p style=\"text-align: justify;\">Aunque nuestra empresa ha trabajado durante m\u00e1s de 25 a\u00f1os con cosm\u00e9tica comercial de grandes marcas, en 2009 comprendimos que la cosm\u00e9tica profesional, la que hace cosas de verdad, se tiene que desarrollar, prescribir y revisar por profesionales. As\u00ed, empezamos a desarrollar nuestros cosm\u00e9ticos en estrecha colaboraci\u00f3n con un laboratorio malague\u00f1o. Creamos la marca cosm\u00e9tica Donaire e hicimos una serie de productos de alt\u00edsima calidad, para solucionar problemas est\u00e9ticos concretos: arrugas, manchas, sequedad\u2026<\/p>\n<p>[\/et_pb_text][\/et_pb_column][et_pb_column type=\u00bb1_2&#8243; _builder_version=\u00bb4.16.1&#8243; _module_preset=\u00bbdefault\u00bb global_colors_info=\u00bb{}\u00bb][et_pb_image src=\u00bbhttps:\/\/donaire.com.es\/wp-content\/uploads\/2022\/04\/Serum-efecto-tensor-1.png\u00bb title_text=\u00bbSerum-efecto-tensor\u00bb align=\u00bbcenter\u00bb _builder_version=\u00bb4.16.1&#8243; _module_preset=\u00bbdefault\u00bb global_colors_info=\u00bb{}\u00bb][\/et_pb_image][\/et_pb_column][\/et_pb_row][\/et_pb_section][et_pb_section fb_built=\u00bb1&#8243; _builder_version=\u00bb4.16&#8243; global_colors_info=\u00bb{}\u00bb][et_pb_row _builder_version=\u00bb4.16.1&#8243; custom_margin=\u00bb|||auto|false|false\u00bb global_colors_info=\u00bb{}\u00bb][et_pb_column type=\u00bb4_4&#8243; _builder_version=\u00bb4.16&#8243; global_colors_info=\u00bb{}\u00bb][et_pb_image src=\u00bbhttps:\/\/donaire.com.es\/wp-content\/uploads\/2020\/05\/aknostasis-logo.jpeg\u00bb _builder_version=\u00bb4.16.1&#8243; min_height=\u00bb105px\u00bb custom_padding=\u00bb0px||0px|504px||\u00bb global_colors_info=\u00bb{}\u00bb][\/et_pb_image][\/et_pb_column][\/et_pb_row][\/et_pb_section]<\/p>\n","protected":false},"excerpt":{"rendered":"<p>Cosm\u00e9tica EXCLUSIVA para tiAunque nuestra empresa ha trabajado durante m\u00e1s de 25 a\u00f1os con cosm\u00e9tica comercial de grandes marcas, en 2009 comprendimos que la cosm\u00e9tica profesional, la que hace cosas de verdad, se tiene que desarrollar, prescribir y revisar por profesionales. As\u00ed, empezamos a desarrollar nuestros cosm\u00e9ticos en estrecha colaboraci\u00f3n con un laboratorio malague\u00f1o. Creamos [&hellip;]<\/p>\n","protected":false},"author":7,"featured_media":0,"parent":0,"menu_order":0,"comment_status":"closed","ping_status":"closed","template":"","meta":{"_et_pb_use_builder":"on","_et_pb_old_content":"","_et_gb_content_width":"","footnotes":""},"class_list":["post-1133","page","type-page","status-publish","hentry"],"_links":{"self":[{"href":"https:\/\/donaire.com.es\/index.php?rest_route=\/wp\/v2\/pages\/1133","targetHints":{"allow":["GET"]}}],"collection":[{"href":"https:\/\/donaire.com.es\/index.php?rest_route=\/wp\/v2\/pages"}],"about":[{"href":"https:\/\/donaire.com.es\/index.php?rest_route=\/wp\/v2\/types\/page"}],"author":[{"embeddable":true,"href":"https:\/\/donaire.com.es\/index.php?rest_route=\/wp\/v2\/users\/7"}],"replies":[{"embeddable":true,"href":"https:\/\/donaire.com.es\/index.php?rest_route=%2Fwp%2Fv2%2Fcomments&post=1133"}],"version-history":[{"count":12,"href":"https:\/\/donaire.com.es\/index.php?rest_route=\/wp\/v2\/pages\/1133\/revisions"}],"predecessor-version":[{"id":2527,"href":"https:\/\/donaire.com.es\/index.php?rest_route=\/wp\/v2\/pages\/1133\/revisions\/2527"}],"wp:attachment":[{"href":"https:\/\/donaire.com.es\/index.php?rest_route=%2Fwp%2Fv2%2Fmedia&parent=1133"}],"curies":[{"name":"wp","href":"https:\/\/api.w.org\/{rel}","templated":true}]}}